{"id":1689,"date":"2023-03-30T17:20:40","date_gmt":"2023-03-30T15:20:40","guid":{"rendered":"https:\/\/atlantic-harvest.top-energiedin.com\/?page_id=1689"},"modified":"2023-03-30T17:26:35","modified_gmt":"2023-03-30T15:26:35","slug":"mentions-legales","status":"publish","type":"page","link":"https:\/\/www.atlantic-harvest.com\/en\/mentions-legales\/","title":{"rendered":"Mentions L\u00e9gales"},"content":{"rendered":"<div data-elementor-type=\"wp-page\" data-elementor-id=\"1689\" class=\"elementor elementor-1689\">\n\t\t\t\t\t\t\t\t\t<section class=\"elementor-section elementor-top-section elementor-element elementor-element-36f4403 lined_section breadcrumb elementor-section-boxed elementor-section-height-default elementor-section-height-default\" data-id=\"36f4403\" data-element_type=\"section\">\n\t\t\t\t\t\t<div class=\"elementor-container elementor-column-gap-default\">\n\t\t\t\t\t<div class=\"elementor-column elementor-col-100 elementor-top-column elementor-element elementor-element-b2267ce\" data-id=\"b2267ce\" data-element_type=\"column\">\n\t\t\t<div class=\"elementor-widget-wrap elementor-element-populated\">\n\t\t\t\t\t\t\t\t<div class=\"elementor-element elementor-element-59e7f7b elementor-widget__width-auto elementor-view-default elementor-widget elementor-widget-icon\" data-id=\"59e7f7b\" data-element_type=\"widget\" data-widget_type=\"icon.default\">\n\t\t\t\t<div class=\"elementor-widget-container\">\n\t\t\t\t\t<div class=\"elementor-icon-wrapper\">\n\t\t\t<div class=\"elementor-icon\">\n\t\t\t<i aria-hidden=\"true\" class=\"fas fa-anchor\"><\/i>\t\t\t<\/div>\n\t\t<\/div>\n\t\t\t\t<\/div>\n\t\t\t\t<\/div>\n\t\t\t\t<div class=\"elementor-element elementor-element-c8356a4 elementor-widget__width-auto elementor-widget elementor-widget-heading\" data-id=\"c8356a4\" data-element_type=\"widget\" data-widget_type=\"heading.default\">\n\t\t\t\t<div class=\"elementor-widget-container\">\n\t\t\t<style>\/*! elementor - v3.11.2 - 22-02-2023 *\/\n.elementor-heading-title{padding:0;margin:0;line-height:1}.elementor-widget-heading .elementor-heading-title[class*=elementor-size-]>a{color:inherit;font-size:inherit;line-height:inherit}.elementor-widget-heading .elementor-heading-title.elementor-size-small{font-size:15px}.elementor-widget-heading .elementor-heading-title.elementor-size-medium{font-size:19px}.elementor-widget-heading .elementor-heading-title.elementor-size-large{font-size:29px}.elementor-widget-heading .elementor-heading-title.elementor-size-xl{font-size:39px}.elementor-widget-heading .elementor-heading-title.elementor-size-xxl{font-size:59px}<\/style><span class=\"elementor-heading-title elementor-size-default\">Atlantic Harvest Group<\/span>\t\t<\/div>\n\t\t\t\t<\/div>\n\t\t\t\t<div class=\"elementor-element elementor-element-9d95ec1 elementor-widget elementor-widget-heading\" data-id=\"9d95ec1\" data-element_type=\"widget\" data-widget_type=\"heading.default\">\n\t\t\t\t<div class=\"elementor-widget-container\">\n\t\t\t<h1 class=\"elementor-heading-title elementor-size-default\">mentions l\u00e9gales <\/h1>\t\t<\/div>\n\t\t\t\t<\/div>\n\t\t\t\t<div class=\"elementor-element elementor-element-21fa16e elementor-icon-list--layout-inline elementor-align-center bread elementor-list-item-link-full_width elementor-widget elementor-widget-icon-list\" data-id=\"21fa16e\" data-element_type=\"widget\" data-widget_type=\"icon-list.default\">\n\t\t\t\t<div class=\"elementor-widget-container\">\n\t\t\t<link rel=\"stylesheet\" href=\"https:\/\/www.atlantic-harvest.com\/wp-content\/uploads\/elementor\/css\/custom-widget-icon-list.min.css?ver=1738683715\">\t\t<ul class=\"elementor-icon-list-items elementor-inline-items\">\n\t\t\t\t\t\t\t<li class=\"elementor-icon-list-item elementor-inline-item\">\n\t\t\t\t\t\t\t\t\t\t\t<a href=\"\/en\/\">\n\n\t\t\t\t\t\t\t\t\t\t\t<span class=\"elementor-icon-list-text\">Accueil<\/span>\n\t\t\t\t\t\t\t\t\t\t\t<\/a>\n\t\t\t\t\t\t\t\t\t<\/li>\n\t\t\t\t\t\t\t\t<li class=\"elementor-icon-list-item elementor-inline-item\">\n\t\t\t\t\t\t\t\t\t\t\t<span class=\"elementor-icon-list-icon\">\n\t\t\t\t\t\t\t<i aria-hidden=\"true\" class=\"far fa-circle\"><\/i>\t\t\t\t\t\t<\/span>\n\t\t\t\t\t\t\t\t\t\t<span class=\"elementor-icon-list-text\">\u00c0 propos<\/span>\n\t\t\t\t\t\t\t\t\t<\/li>\n\t\t\t\t\t\t<\/ul>\n\t\t\t\t<\/div>\n\t\t\t\t<\/div>\n\t\t\t\t\t<\/div>\n\t\t<\/div>\n\t\t\t\t\t\t\t<\/div>\n\t\t<\/section>\n\t\t\t\t<section class=\"elementor-section elementor-top-section elementor-element elementor-element-e8b7baa elementor-section-boxed elementor-section-height-default elementor-section-height-default\" data-id=\"e8b7baa\" data-element_type=\"section\">\n\t\t\t\t\t\t<div class=\"elementor-container elementor-column-gap-default\">\n\t\t\t\t\t<div class=\"elementor-column elementor-col-100 elementor-top-column elementor-element elementor-element-96bb562\" data-id=\"96bb562\" data-element_type=\"column\">\n\t\t\t<div class=\"elementor-widget-wrap elementor-element-populated\">\n\t\t\t\t\t\t\t\t<div class=\"elementor-element elementor-element-6725134 text-justify-center elementor-widget elementor-widget-text-editor\" data-id=\"6725134\" data-element_type=\"widget\" data-widget_type=\"text-editor.default\">\n\t\t\t\t<div class=\"elementor-widget-container\">\n\t\t\t<style>\/*! elementor - v3.11.2 - 22-02-2023 *\/\n.elementor-widget-text-editor.elementor-drop-cap-view-stacked .elementor-drop-cap{background-color:#818a91;color:#fff}.elementor-widget-text-editor.elementor-drop-cap-view-framed .elementor-drop-cap{color:#818a91;border:3px solid;background-color:transparent}.elementor-widget-text-editor:not(.elementor-drop-cap-view-default) .elementor-drop-cap{margin-top:8px}.elementor-widget-text-editor:not(.elementor-drop-cap-view-default) .elementor-drop-cap-letter{width:1em;height:1em}.elementor-widget-text-editor .elementor-drop-cap{float:left;text-align:center;line-height:1;font-size:50px}.elementor-widget-text-editor .elementor-drop-cap-letter{display:inline-block}<\/style>\t\t\t\t\t\t\t\t\t\t<\/div>\n\t\t\t\t<\/div>\n\t\t\t\t\t<\/div>\n\t\t<\/div>\n\t\t\t\t\t\t\t<\/div>\n\t\t<\/section>\n\t\t\t\t\t\t\t<\/div>","protected":false},"excerpt":{"rendered":"<p>Atlantic Harvest Group mentions l\u00e9gales Accueil \u00c0 propos<\/p>","protected":false},"author":1,"featured_media":0,"parent":0,"menu_order":0,"comment_status":"closed","ping_status":"closed","template":"elementor_header_footer","meta":{"footnotes":""},"class_list":["post-1689","page","type-page","status-publish","hentry"],"yoast_head":"<!-- This site is optimized with the Yoast SEO plugin v20.4 - https:\/\/yoast.com\/wordpress\/plugins\/seo\/ -->\n<title>Mentions L\u00e9gales - Atlantic Harvest<\/title>\n<meta name=\"robots\" content=\"index, follow, max-snippet:-1, max-image-preview:large, max-video-preview:-1\" \/>\n<link rel=\"canonical\" href=\"https:\/\/www.atlantic-harvest.com\/en\/mentions-legales\/\" \/>\n<meta property=\"og:locale\" content=\"en_US\" \/>\n<meta property=\"og:type\" content=\"article\" \/>\n<meta property=\"og:title\" content=\"Mentions L\u00e9gales - Atlantic Harvest\" \/>\n<meta property=\"og:description\" content=\"Atlantic Harvest Group mentions l\u00e9gales Accueil \u00c0 propos\" \/>\n<meta property=\"og:url\" content=\"https:\/\/www.atlantic-harvest.com\/en\/mentions-legales\/\" \/>\n<meta property=\"og:site_name\" content=\"Atlantic Harvest\" \/>\n<meta property=\"article:modified_time\" content=\"2023-03-30T15:26:35+00:00\" \/>\n<meta name=\"twitter:card\" content=\"summary_large_image\" \/>\n<meta name=\"twitter:label1\" content=\"Est. reading time\" \/>\n\t<meta name=\"twitter:data1\" content=\"1 minute\" \/>\n<script type=\"application\/ld+json\" class=\"yoast-schema-graph\">{\"@context\":\"https:\/\/schema.org\",\"@graph\":[{\"@type\":\"WebPage\",\"@id\":\"https:\/\/www.atlantic-harvest.com\/mentions-legales\/\",\"url\":\"https:\/\/www.atlantic-harvest.com\/mentions-legales\/\",\"name\":\"Mentions L\u00e9gales - Atlantic Harvest\",\"isPartOf\":{\"@id\":\"https:\/\/www.atlantic-harvest.com\/#website\"},\"datePublished\":\"2023-03-30T15:20:40+00:00\",\"dateModified\":\"2023-03-30T15:26:35+00:00\",\"breadcrumb\":{\"@id\":\"https:\/\/www.atlantic-harvest.com\/mentions-legales\/#breadcrumb\"},\"inLanguage\":\"en-US\",\"potentialAction\":[{\"@type\":\"ReadAction\",\"target\":[\"https:\/\/www.atlantic-harvest.com\/mentions-legales\/\"]}]},{\"@type\":\"BreadcrumbList\",\"@id\":\"https:\/\/www.atlantic-harvest.com\/mentions-legales\/#breadcrumb\",\"itemListElement\":[{\"@type\":\"ListItem\",\"position\":1,\"name\":\"Accueil\",\"item\":\"https:\/\/www.atlantic-harvest.com\/\"},{\"@type\":\"ListItem\",\"position\":2,\"name\":\"Mentions L\u00e9gales\"}]},{\"@type\":\"WebSite\",\"@id\":\"https:\/\/www.atlantic-harvest.com\/#website\",\"url\":\"https:\/\/www.atlantic-harvest.com\/\",\"name\":\"Atlantic Harvest\",\"description\":\"\",\"publisher\":{\"@id\":\"https:\/\/www.atlantic-harvest.com\/#organization\"},\"potentialAction\":[{\"@type\":\"SearchAction\",\"target\":{\"@type\":\"EntryPoint\",\"urlTemplate\":\"https:\/\/www.atlantic-harvest.com\/?s={search_term_string}\"},\"query-input\":\"required name=search_term_string\"}],\"inLanguage\":\"en-US\"},{\"@type\":\"Organization\",\"@id\":\"https:\/\/www.atlantic-harvest.com\/#organization\",\"name\":\"Atlantic Harvest\",\"url\":\"https:\/\/www.atlantic-harvest.com\/\",\"logo\":{\"@type\":\"ImageObject\",\"inLanguage\":\"en-US\",\"@id\":\"https:\/\/www.atlantic-harvest.com\/#\/schema\/logo\/image\/\",\"url\":\"https:\/\/atlantic-harvest.top-energiedin.com\/wp-content\/uploads\/2023\/02\/atlantic-harvest-logo-header-new.png\",\"contentUrl\":\"https:\/\/atlantic-harvest.top-energiedin.com\/wp-content\/uploads\/2023\/02\/atlantic-harvest-logo-header-new.png\",\"width\":223,\"height\":101,\"caption\":\"Atlantic Harvest\"},\"image\":{\"@id\":\"https:\/\/www.atlantic-harvest.com\/#\/schema\/logo\/image\/\"}}]}<\/script>\n<!-- \/ Yoast SEO plugin. -->","yoast_head_json":{"title":"Mentions L\u00e9gales - Atlantic Harvest","robots":{"index":"index","follow":"follow","max-snippet":"max-snippet:-1","max-image-preview":"max-image-preview:large","max-video-preview":"max-video-preview:-1"},"canonical":"https:\/\/www.atlantic-harvest.com\/en\/mentions-legales\/","og_locale":"en_US","og_type":"article","og_title":"Mentions L\u00e9gales - Atlantic Harvest","og_description":"Atlantic Harvest Group mentions l\u00e9gales Accueil \u00c0 propos","og_url":"https:\/\/www.atlantic-harvest.com\/en\/mentions-legales\/","og_site_name":"Atlantic Harvest","article_modified_time":"2023-03-30T15:26:35+00:00","twitter_card":"summary_large_image","twitter_misc":{"Est. reading time":"1 minute"},"schema":{"@context":"https:\/\/schema.org","@graph":[{"@type":"WebPage","@id":"https:\/\/www.atlantic-harvest.com\/mentions-legales\/","url":"https:\/\/www.atlantic-harvest.com\/mentions-legales\/","name":"Mentions L\u00e9gales - Atlantic Harvest","isPartOf":{"@id":"https:\/\/www.atlantic-harvest.com\/#website"},"datePublished":"2023-03-30T15:20:40+00:00","dateModified":"2023-03-30T15:26:35+00:00","breadcrumb":{"@id":"https:\/\/www.atlantic-harvest.com\/mentions-legales\/#breadcrumb"},"inLanguage":"en-US","potentialAction":[{"@type":"ReadAction","target":["https:\/\/www.atlantic-harvest.com\/mentions-legales\/"]}]},{"@type":"BreadcrumbList","@id":"https:\/\/www.atlantic-harvest.com\/mentions-legales\/#breadcrumb","itemListElement":[{"@type":"ListItem","position":1,"name":"Accueil","item":"https:\/\/www.atlantic-harvest.com\/"},{"@type":"ListItem","position":2,"name":"Mentions L\u00e9gales"}]},{"@type":"WebSite","@id":"https:\/\/www.atlantic-harvest.com\/#website","url":"https:\/\/www.atlantic-harvest.com\/","name":"Atlantic Harvest","description":"","publisher":{"@id":"https:\/\/www.atlantic-harvest.com\/#organization"},"potentialAction":[{"@type":"SearchAction","target":{"@type":"EntryPoint","urlTemplate":"https:\/\/www.atlantic-harvest.com\/?s={search_term_string}"},"query-input":"required name=search_term_string"}],"inLanguage":"en-US"},{"@type":"Organization","@id":"https:\/\/www.atlantic-harvest.com\/#organization","name":"Atlantic Harvest","url":"https:\/\/www.atlantic-harvest.com\/","logo":{"@type":"ImageObject","inLanguage":"en-US","@id":"https:\/\/www.atlantic-harvest.com\/#\/schema\/logo\/image\/","url":"https:\/\/atlantic-harvest.top-energiedin.com\/wp-content\/uploads\/2023\/02\/atlantic-harvest-logo-header-new.png","contentUrl":"https:\/\/atlantic-harvest.top-energiedin.com\/wp-content\/uploads\/2023\/02\/atlantic-harvest-logo-header-new.png","width":223,"height":101,"caption":"Atlantic Harvest"},"image":{"@id":"https:\/\/www.atlantic-harvest.com\/#\/schema\/logo\/image\/"}}]}},"_links":{"self":[{"href":"https:\/\/www.atlantic-harvest.com\/en\/wp-json\/wp\/v2\/pages\/1689","targetHints":{"allow":["GET"]}}],"collection":[{"href":"https:\/\/www.atlantic-harvest.com\/en\/wp-json\/wp\/v2\/pages"}],"about":[{"href":"https:\/\/www.atlantic-harvest.com\/en\/wp-json\/wp\/v2\/types\/page"}],"author":[{"embeddable":true,"href":"https:\/\/www.atlantic-harvest.com\/en\/wp-json\/wp\/v2\/users\/1"}],"replies":[{"embeddable":true,"href":"https:\/\/www.atlantic-harvest.com\/en\/wp-json\/wp\/v2\/comments?post=1689"}],"version-history":[{"count":13,"href":"https:\/\/www.atlantic-harvest.com\/en\/wp-json\/wp\/v2\/pages\/1689\/revisions"}],"predecessor-version":[{"id":1708,"href":"https:\/\/www.atlantic-harvest.com\/en\/wp-json\/wp\/v2\/pages\/1689\/revisions\/1708"}],"wp:attachment":[{"href":"https:\/\/www.atlantic-harvest.com\/en\/wp-json\/wp\/v2\/media?parent=1689"}],"curies":[{"name":"wp","href":"https:\/\/api.w.org\/{rel}","templated":true}]}}